{"id":9142,"date":"2023-06-09T13:26:27","date_gmt":"2023-06-09T13:26:27","guid":{"rendered":"https:\/\/bloomboost.nl\/?page_id=9142"},"modified":"2024-04-04T13:56:27","modified_gmt":"2024-04-04T11:56:27","slug":"informatie","status":"publish","type":"page","link":"https:\/\/bloomboost.nl\/de\/informatie\/","title":{"rendered":"Information"},"content":{"rendered":"<div data-elementor-type=\"wp-page\" data-elementor-id=\"9142\" class=\"elementor elementor-9142\" data-elementor-post-type=\"page\">\n\t\t\t\t\t\t<section class=\"elementor-section elementor-top-section elementor-element elementor-element-e7ea84f elementor-section-full_width elementor-section-height-default elementor-section-height-default\" data-id=\"e7ea84f\" data-element_type=\"section\" data-e-type=\"section\">\n\t\t\t\t\t\t<div class=\"elementor-container elementor-column-gap-default\">\n\t\t\t\t\t<div class=\"elementor-column elementor-col-50 elementor-top-column elementor-element elementor-element-2f0dcd4\" data-id=\"2f0dcd4\" data-element_type=\"column\" data-e-type=\"column\">\n\t\t\t<div class=\"elementor-widget-wrap elementor-element-populated\">\n\t\t\t\t\t\t<div class=\"elementor-element elementor-element-a7d970d elementor-widget-tablet__width-initial elementor-widget-mobile__width-inherit elementor-widget elementor-widget-image\" data-id=\"a7d970d\" data-element_type=\"widget\" data-e-type=\"widget\" data-widget_type=\"image.default\">\n\t\t\t\t<div class=\"elementor-widget-container\">\n\t\t\t\t\t\t\t\t\t\t\t\t\t\t\t<img fetchpriority=\"high\" decoding=\"async\" width=\"1024\" height=\"683\" src=\"https:\/\/bloomboost.nl\/wp-content\/uploads\/2023\/06\/Vlinders-Butterfly-flowers-1.jpg\" class=\"attachment-full size-full wp-image-9670\" alt=\"Bloomboost Pluktuin bloemen tuin bloeiende planten Geurende planten en bloemen biodiversiteit vlinderlokkend\" srcset=\"https:\/\/bloomboost.nl\/wp-content\/uploads\/2023\/06\/Vlinders-Butterfly-flowers-1.jpg 1024w, https:\/\/bloomboost.nl\/wp-content\/uploads\/2023\/06\/Vlinders-Butterfly-flowers-1-430x287.jpg 430w, https:\/\/bloomboost.nl\/wp-content\/uploads\/2023\/06\/Vlinders-Butterfly-flowers-1-150x100.jpg 150w, https:\/\/bloomboost.nl\/wp-content\/uploads\/2023\/06\/Vlinders-Butterfly-flowers-1-700x467.jpg 700w, https:\/\/bloomboost.nl\/wp-content\/uploads\/2023\/06\/Vlinders-Butterfly-flowers-1-400x267.jpg 400w, https:\/\/bloomboost.nl\/wp-content\/uploads\/2023\/06\/Vlinders-Butterfly-flowers-1-768x512.jpg 768w\" sizes=\"(max-width: 1024px) 100vw, 1024px\" title=\"\">\t\t\t\t\t\t\t\t\t\t\t\t\t\t\t<\/div>\n\t\t\t\t<\/div>\n\t\t\t\t\t<\/div>\n\t\t<\/div>\n\t\t\t\t<div class=\"elementor-column elementor-col-50 elementor-top-column elementor-element elementor-element-8c6fca0\" data-id=\"8c6fca0\" data-element_type=\"column\" data-e-type=\"column\">\n\t\t\t<div class=\"elementor-widget-wrap elementor-element-populated\">\n\t\t\t\t\t\t<div class=\"elementor-element elementor-element-906a337 elementor-widget__width-initial elementor-widget-tablet__width-inherit elementor-widget elementor-widget-heading\" data-id=\"906a337\" data-element_type=\"widget\" data-e-type=\"widget\" data-widget_type=\"heading.default\">\n\t\t\t\t<div class=\"elementor-widget-container\">\n\t\t\t\t\t<h2 class=\"elementor-heading-title elementor-size-default\">Lieferung <\/h2>\t\t\t\t<\/div>\n\t\t\t\t<\/div>\n\t\t\t\t<div class=\"elementor-element elementor-element-47ac88b elementor-widget__width-initial elementor-widget-tablet__width-inherit color-scheme-inherit text-left elementor-widget elementor-widget-text-editor\" data-id=\"47ac88b\" data-element_type=\"widget\" data-e-type=\"widget\" data-widget_type=\"text-editor.default\">\n\t\t\t\t<div class=\"elementor-widget-container\">\n\t\t\t\t\t\t\t\t\t<p>Bestellungen \u00fcber 75 \u20ac liefern wir versandkostenfrei. Unter 75 \u20ac berechnen wir f\u00fcr den Minimix 4,95 \u20ac Verpackungs- und Lieferkosten und f\u00fcr den 15 cm Topf 6,95 \u20ac Verpackungs- und Lieferkosten.<\/p><p>Wie versenden wir Ihre Pflanzen?<\/p><p><strong>Minimix :<\/strong><\/p><ul><li>Wir verpacken die Pflanzen in recycelten Kunststoffverpackungen.<\/li><li>Wir verpacken diese Verpackung in einem Briefkasten.<\/li><li>Vor dem Versand werden die Pflanzen ausreichend gegossen.<\/li><li>PostNL liefert diese Box in den Briefkasten, Sie m\u00fcssen daf\u00fcr nicht zu Hause bleiben.<\/li><\/ul><p><strong>Potten 15 cm:<\/strong><\/p><ul><li>Wir verpacken die Pflanzen in einer ma\u00dfgeschneiderten Versandbox.<\/li><li>Die Pflanzen sind sicher verpackt.<\/li><li>Vor dem Versand werden die Pflanzen ausreichend gegossen.\u00a0<\/li><li>Sie erhalten von uns einen Track &amp; Trace-Code zur Verfolgung der Bestellung.<\/li><\/ul><p><strong>Wie schnell wird meine Bestellung versendet?<\/strong><\/p><p>Wij verzenden op Dinsdag, Donderdag en Zaterdag. Op \u00e9\u00e9n van deze dagen voor 10:00 uur besteld, dezelfde dag verzonden!<\/p>\t\t\t\t\t\t\t\t<\/div>\n\t\t\t\t<\/div>\n\t\t\t\t\t<\/div>\n\t\t<\/div>\n\t\t\t\t\t<\/div>\n\t\t<\/section>\n\t\t\t\t<section class=\"elementor-section elementor-top-section elementor-element elementor-element-677b2b1 elementor-section-full_width elementor-reverse-mobile elementor-section-height-default elementor-section-height-default\" data-id=\"677b2b1\" data-element_type=\"section\" data-e-type=\"section\">\n\t\t\t\t\t\t<div class=\"elementor-container elementor-column-gap-default\">\n\t\t\t\t\t<div class=\"elementor-column elementor-col-50 elementor-top-column elementor-element elementor-element-07b96f7\" data-id=\"07b96f7\" data-element_type=\"column\" data-e-type=\"column\">\n\t\t\t<div class=\"elementor-widget-wrap elementor-element-populated\">\n\t\t\t\t\t\t<div class=\"elementor-element elementor-element-c468804 elementor-widget__width-initial elementor-widget elementor-widget-heading\" data-id=\"c468804\" data-element_type=\"widget\" data-e-type=\"widget\" data-widget_type=\"heading.default\">\n\t\t\t\t<div class=\"elementor-widget-container\">\n\t\t\t\t\t<h2 class=\"elementor-heading-title elementor-size-default\">Kehrt zur\u00fcck<\/h2>\t\t\t\t<\/div>\n\t\t\t\t<\/div>\n\t\t\t\t<div class=\"elementor-element elementor-element-1235e1a elementor-widget__width-initial color-scheme-inherit text-left elementor-widget elementor-widget-text-editor\" data-id=\"1235e1a\" data-element_type=\"widget\" data-e-type=\"widget\" data-widget_type=\"text-editor.default\">\n\t\t\t\t<div class=\"elementor-widget-container\">\n\t\t\t\t\t\t\t\t\t<p><strong>Ich storniere meinen Kauf. Kann ich die Bestellung stornieren?<br \/><\/strong><\/p><ul><li>Kein Problem, senden Sie uns eine E-Mail mit der Stornierung und wir k\u00fcmmern uns darum. Bitte geben Sie in der E-Mail die Bestellnummer und die \u00c4nderung\/Stornierung an.<\/li><\/ul><p><strong>Ich habe meine Bestellung erhalten, habe aber keinen gr\u00fcnen Daumen. Kann ich die Pflanze zur\u00fcckgeben?<\/strong><\/p><ul><li>Das ist m\u00f6glich. Sie haben das Recht, innerhalb von 14 Tagen nach Erhalt der <span style=\"font-weight: 400;\">Pflanzen<\/span>\u00a0die Bestellung zur\u00fcckschicken. Voraussetzung ist, dass die Pflanzen im gleichen Zustand bei uns eintreffen. Senden Sie uns eine E-Mail mit Angabe des Widerrufsgrundes, um den Vertrag zu widerrufen. Die Kosten f\u00fcr die R\u00fccksendung der <span style=\"font-weight: 400;\">Pflanzen<\/span> gehen zu Ihren Lasten.<\/li><li>F\u00fcr die R\u00fcckzahlung verwenden wir dasselbe Zahlungsmittel, das Sie bei der urspr\u00fcnglichen Transaktion eingesetzt haben, sofern mit Ihnen nichts anderes vereinbart wurde. Wir k\u00f6nnen mit der R\u00fcckerstattung warten, bis wir die Ware wieder zur\u00fcckerhalten haben.<\/li><\/ul>\t\t\t\t\t\t\t\t<\/div>\n\t\t\t\t<\/div>\n\t\t\t\t\t<\/div>\n\t\t<\/div>\n\t\t\t\t<div class=\"elementor-column elementor-col-50 elementor-top-column elementor-element elementor-element-5b43e8a\" data-id=\"5b43e8a\" data-element_type=\"column\" data-e-type=\"column\">\n\t\t\t<div class=\"elementor-widget-wrap elementor-element-populated\">\n\t\t\t\t\t\t<div class=\"elementor-element elementor-element-e19383b elementor-widget elementor-widget-image\" data-id=\"e19383b\" data-element_type=\"widget\" data-e-type=\"widget\" data-widget_type=\"image.default\">\n\t\t\t\t<div class=\"elementor-widget-container\">\n\t\t\t\t\t\t\t\t\t\t\t\t\t\t\t<img decoding=\"async\" width=\"840\" height=\"840\" src=\"https:\/\/bloomboost.nl\/wp-content\/uploads\/2021\/08\/image-16-1.png\" class=\"attachment-full size-full wp-image-9635\" alt=\"Bloomboost Pluktuin bloemen tuin bloeiende planten Geurende planten en bloemen biodiversiteit eetbare bloemen dame ijsblokjes maken\" srcset=\"https:\/\/bloomboost.nl\/wp-content\/uploads\/2021\/08\/image-16-1.png 840w, https:\/\/bloomboost.nl\/wp-content\/uploads\/2021\/08\/image-16-1-430x430.png 430w, https:\/\/bloomboost.nl\/wp-content\/uploads\/2021\/08\/image-16-1-150x150.png 150w, https:\/\/bloomboost.nl\/wp-content\/uploads\/2021\/08\/image-16-1-700x700.png 700w, https:\/\/bloomboost.nl\/wp-content\/uploads\/2021\/08\/image-16-1-300x300.png 300w, https:\/\/bloomboost.nl\/wp-content\/uploads\/2021\/08\/image-16-1-800x800.png 800w, https:\/\/bloomboost.nl\/wp-content\/uploads\/2021\/08\/image-16-1-768x768.png 768w\" sizes=\"(max-width: 840px) 100vw, 840px\" title=\"\">\t\t\t\t\t\t\t\t\t\t\t\t\t\t\t<\/div>\n\t\t\t\t<\/div>\n\t\t\t\t\t<\/div>\n\t\t<\/div>\n\t\t\t\t\t<\/div>\n\t\t<\/section>\n\t\t\t\t<section class=\"elementor-section elementor-top-section elementor-element elementor-element-f695cab elementor-section-boxed elementor-section-height-default elementor-section-height-default\" data-id=\"f695cab\" data-element_type=\"section\" data-e-type=\"section\">\n\t\t\t\t\t\t<div class=\"elementor-container elementor-column-gap-default\">\n\t\t\t\t\t<div class=\"elementor-column elementor-col-100 elementor-top-column elementor-element elementor-element-d15c97e\" data-id=\"d15c97e\" data-element_type=\"column\" data-e-type=\"column\">\n\t\t\t<div class=\"elementor-widget-wrap elementor-element-populated\">\n\t\t\t\t\t\t<div class=\"elementor-element elementor-element-7f8acff elementor-widget__width-initial elementor-widget elementor-widget-heading\" data-id=\"7f8acff\" data-element_type=\"widget\" data-e-type=\"widget\" data-widget_type=\"heading.default\">\n\t\t\t\t<div class=\"elementor-widget-container\">\n\t\t\t\t\t<h2 class=\"elementor-heading-title elementor-size-default\">Zahlungen<\/h2>\t\t\t\t<\/div>\n\t\t\t\t<\/div>\n\t\t\t\t<div class=\"elementor-element elementor-element-2cdee2b elementor-widget__width-initial color-scheme-inherit text-left elementor-widget elementor-widget-text-editor\" data-id=\"2cdee2b\" data-element_type=\"widget\" data-e-type=\"widget\" data-widget_type=\"text-editor.default\">\n\t\t\t\t<div class=\"elementor-widget-container\">\n\t\t\t\t\t\t\t\t\t<p>Wir m\u00f6chten die Zahlung so einfach wie m\u00f6glich gestalten und k\u00f6nnen dies auf folgende Arten tun:\u00a0<\/p>\t\t\t\t\t\t\t\t<\/div>\n\t\t\t\t<\/div>\n\t\t\t\t<div class=\"elementor-element elementor-element-235360d elementor-icon-list--layout-inline elementor-align-center elementor-list-item-link-full_width elementor-widget elementor-widget-icon-list\" data-id=\"235360d\" data-element_type=\"widget\" data-e-type=\"widget\" data-widget_type=\"icon-list.default\">\n\t\t\t\t<div class=\"elementor-widget-container\">\n\t\t\t\t\t\t\t<ul class=\"elementor-icon-list-items elementor-inline-items\">\n\t\t\t\t\t\t\t<li class=\"elementor-icon-list-item elementor-inline-item\">\n\t\t\t\t\t\t\t\t\t\t\t<span class=\"elementor-icon-list-icon\">\n\t\t\t\t\t\t\t<i aria-hidden=\"true\" class=\"fab fa-ideal\"><\/i>\t\t\t\t\t\t<\/span>\n\t\t\t\t\t\t\t\t\t\t<span class=\"elementor-icon-list-text\">Ideal<\/span>\n\t\t\t\t\t\t\t\t\t<\/li>\n\t\t\t\t\t\t\t\t<li class=\"elementor-icon-list-item elementor-inline-item\">\n\t\t\t\t\t\t\t\t\t\t\t<span class=\"elementor-icon-list-icon\">\n\t\t\t\t\t\t\t<i aria-hidden=\"true\" class=\"fab fa-cc-visa\"><\/i>\t\t\t\t\t\t<\/span>\n\t\t\t\t\t\t\t\t\t\t<span class=\"elementor-icon-list-text\">Visa \/ Mastercard<\/span>\n\t\t\t\t\t\t\t\t\t<\/li>\n\t\t\t\t\t\t\t\t<li class=\"elementor-icon-list-item elementor-inline-item\">\n\t\t\t\t\t\t\t\t\t\t\t<span class=\"elementor-icon-list-icon\">\n\t\t\t\t\t\t\t<i aria-hidden=\"true\" class=\"fab fa-cc-paypal\"><\/i>\t\t\t\t\t\t<\/span>\n\t\t\t\t\t\t\t\t\t\t<span class=\"elementor-icon-list-text\">Paypal<\/span>\n\t\t\t\t\t\t\t\t\t<\/li>\n\t\t\t\t\t\t<\/ul>\n\t\t\t\t\t\t<\/div>\n\t\t\t\t<\/div>\n\t\t\t\t\t<\/div>\n\t\t<\/div>\n\t\t\t\t\t<\/div>\n\t\t<\/section>\n\t\t\t\t<section class=\"elementor-section elementor-top-section elementor-element elementor-element-3c8b925 elementor-section-boxed elementor-section-height-default elementor-section-height-default\" data-id=\"3c8b925\" data-element_type=\"section\" data-e-type=\"section\">\n\t\t\t\t\t\t<div class=\"elementor-container elementor-column-gap-default\">\n\t\t\t\t\t<div class=\"elementor-column elementor-col-50 elementor-top-column elementor-element elementor-element-60400bb\" data-id=\"60400bb\" data-element_type=\"column\" data-e-type=\"column\">\n\t\t\t<div class=\"elementor-widget-wrap elementor-element-populated\">\n\t\t\t\t\t\t<div class=\"elementor-element elementor-element-c9a30c0 elementor-widget elementor-widget-image\" data-id=\"c9a30c0\" data-element_type=\"widget\" data-e-type=\"widget\" data-widget_type=\"image.default\">\n\t\t\t\t<div class=\"elementor-widget-container\">\n\t\t\t\t\t\t\t\t\t\t\t\t\t\t\t<img decoding=\"async\" width=\"1024\" height=\"682\" src=\"https:\/\/bloomboost.nl\/wp-content\/uploads\/2023\/07\/istockphoto-1225426514-1024x1024-transformed.jpeg\" class=\"attachment-full size-full wp-image-10076\" alt=\"Geurende bloemen\" srcset=\"https:\/\/bloomboost.nl\/wp-content\/uploads\/2023\/07\/istockphoto-1225426514-1024x1024-transformed.jpeg 1024w, https:\/\/bloomboost.nl\/wp-content\/uploads\/2023\/07\/istockphoto-1225426514-1024x1024-transformed-430x286.jpeg 430w, https:\/\/bloomboost.nl\/wp-content\/uploads\/2023\/07\/istockphoto-1225426514-1024x1024-transformed-150x100.jpeg 150w, https:\/\/bloomboost.nl\/wp-content\/uploads\/2023\/07\/istockphoto-1225426514-1024x1024-transformed-700x466.jpeg 700w, https:\/\/bloomboost.nl\/wp-content\/uploads\/2023\/07\/istockphoto-1225426514-1024x1024-transformed-400x266.jpeg 400w, https:\/\/bloomboost.nl\/wp-content\/uploads\/2023\/07\/istockphoto-1225426514-1024x1024-transformed-768x512.jpeg 768w, https:\/\/bloomboost.nl\/wp-content\/uploads\/2023\/07\/istockphoto-1225426514-1024x1024-transformed-18x12.jpeg 18w\" sizes=\"(max-width: 1024px) 100vw, 1024px\" title=\"\">\t\t\t\t\t\t\t\t\t\t\t\t\t\t\t<\/div>\n\t\t\t\t<\/div>\n\t\t\t\t\t<\/div>\n\t\t<\/div>\n\t\t\t\t<div class=\"elementor-column elementor-col-50 elementor-top-column elementor-element elementor-element-9fac28d\" data-id=\"9fac28d\" data-element_type=\"column\" data-e-type=\"column\">\n\t\t\t<div class=\"elementor-widget-wrap elementor-element-populated\">\n\t\t\t\t\t\t<div class=\"elementor-element elementor-element-523f0c0 elementor-widget__width-initial elementor-widget elementor-widget-heading\" data-id=\"523f0c0\" data-element_type=\"widget\" data-e-type=\"widget\" data-widget_type=\"heading.default\">\n\t\t\t\t<div class=\"elementor-widget-container\">\n\t\t\t\t\t<h2 class=\"elementor-heading-title elementor-size-default\">Garantie<\/h2>\t\t\t\t<\/div>\n\t\t\t\t<\/div>\n\t\t\t\t<div class=\"elementor-element elementor-element-797999c elementor-widget__width-initial color-scheme-inherit text-left elementor-widget elementor-widget-text-editor\" data-id=\"797999c\" data-element_type=\"widget\" data-e-type=\"widget\" data-widget_type=\"text-editor.default\">\n\t\t\t\t<div class=\"elementor-widget-container\">\n\t\t\t\t\t\t\t\t\t<p>Selbstverst\u00e4ndlich sorgen wir daf\u00fcr, dass Ihre Pflanzen und T\u00f6pfe in gutem Zustand bei Ihnen ankommen. Sollte eine Pflanze oder ein Topf besch\u00e4digt bei Ihnen eintreffen, reparieren wir diese gerne. Schicken Sie uns ein Foto des Schadens und wir werden ihn schnell f\u00fcr Sie beheben. F\u00fcr alle Artikel, die Sie bei uns kaufen, gilt die gesetzliche Gew\u00e4hrleistung. Gesetzliche Gew\u00e4hrleistung bedeutet, dass ein Produkt das ist oder tun muss, was der Verbraucher vern\u00fcnftigerweise von ihm erwarten kann.<\/p>\t\t\t\t\t\t\t\t<\/div>\n\t\t\t\t<\/div>\n\t\t\t\t\t<\/div>\n\t\t<\/div>\n\t\t\t\t\t<\/div>\n\t\t<\/section>\n\t\t\t\t<section class=\"elementor-section elementor-top-section elementor-element elementor-element-87360db elementor-section-boxed elementor-section-height-default elementor-section-height-default\" data-id=\"87360db\" data-element_type=\"section\" data-e-type=\"section\">\n\t\t\t\t\t\t<div class=\"elementor-container elementor-column-gap-default\">\n\t\t\t\t\t<div class=\"elementor-column elementor-col-100 elementor-top-column elementor-element elementor-element-7d8aa64\" data-id=\"7d8aa64\" data-element_type=\"column\" data-e-type=\"column\">\n\t\t\t<div class=\"elementor-widget-wrap elementor-element-populated\">\n\t\t\t\t\t\t<div class=\"elementor-element elementor-element-d5b8f11 elementor-widget__width-initial elementor-widget elementor-widget-heading\" data-id=\"d5b8f11\" data-element_type=\"widget\" data-e-type=\"widget\" data-widget_type=\"heading.default\">\n\t\t\t\t<div class=\"elementor-widget-container\">\n\t\t\t\t\t<h2 class=\"elementor-heading-title elementor-size-default\">Gesch\u00e4ftsbedingungen:<\/h2>\t\t\t\t<\/div>\n\t\t\t\t<\/div>\n\t\t\t\t<div class=\"elementor-element elementor-element-667359e elementor-widget__width-initial color-scheme-inherit text-left elementor-widget elementor-widget-text-editor\" data-id=\"667359e\" data-element_type=\"widget\" data-e-type=\"widget\" data-widget_type=\"text-editor.default\">\n\t\t\t\t<div class=\"elementor-widget-container\">\n\t\t\t\t\t\t\t\t\t<p>Die Allgemeinen Gesch\u00e4ftsbedingungen von Bloomboost finden Sie hier.<\/p><p><strong>ARTIKEL 1 ANWENDBARKEIT<\/strong><br \/>Wenn Sie \u00fcber\u00a0<a href=\"https:\/\/bloomboost.nl\/de\/\">www.Bloomboost.nl<\/a>\u00a0Wenn Sie ein Produkt erwerben, gelten ausschlie\u00dflich diese Allgemeinen Gesch\u00e4ftsbedingungen.<\/p><p>Etwaige von Ihnen verwendete Allgemeine Gesch\u00e4ftsbedingungen haben keine G\u00fcltigkeit.<\/p><p><strong>ARTIKEL 2 ABSCHLUSS DES KAUFVERTRAGS<\/strong><br \/><strong>2.1.<\/strong>\u00a0Der von Ihnen abzuschlie\u00dfende Kaufvertrag kommt durch Anklicken des jeweiligen Produkts auf der Kaufseite von zustande\u00a0<a href=\"https:\/\/bloomboost.nl\/de\/\">www.Bloomboost.nl.<\/a><br \/><strong>2.2.<\/strong>\u00a0Der von Ihnen abgeschlossene Kaufvertrag wird archiviert. Sie k\u00f6nnen die Vereinbarung einsehen, indem Sie Kontakt aufnehmen\u00a0<a href=\"https:\/\/bloomboost.nl\/de\/\">www.Bloomboost.nl.<\/a><br \/><strong>2.3.<\/strong>\u00a0Bei Abschluss des Kaufvertrages erhalten Sie eine Best\u00e4tigung des abgeschlossenen Kaufvertrages per E-Mail. Wir empfehlen Ihnen, diese Best\u00e4tigung auszudrucken oder dauerhaft zu speichern.<\/p><p><strong>ARTIKEL 3 ZAHLUNG DES PREISES UND LIEFERUNG<\/strong><br \/><strong>3.1.<\/strong>\u00a0Der Preis f\u00fcr das Produkt muss vollst\u00e4ndig bezahlt werden, bevor das bestellte Produkt an die von Ihnen angegebene Person versendet wird\u00a0<a href=\"https:\/\/bloomboost.nl\/de\/\">Bloomboost.nl<\/a>\u00a0Sie k\u00f6nnen mit den auf der Website angegebenen Methoden bezahlen. Der von Ihnen gezahlte Preis beinhaltet die Versandkosten.<br \/><strong>3.2.<\/strong>\u00a0Der Preis des gew\u00e4hlten Produkts entspricht dem auf der Kaufseite von angegebenen Preis<a href=\"https:\/\/bloomboost.nl\/de\/\">\u00a0Bloomboost.nl.<\/a>\u00a0Die genannten Preise beinhalten einen Mehrwertsteuersatz von 21 % f\u00fcr nicht lebende Produkte und einen Mehrwertsteuersatz von 9 % f\u00fcr lebende Naturprodukte. Die Versandkosten sind nicht im Preis inbegriffen.<br \/><strong>3.3.<\/strong>\u00a0Sobald die Zahlung eingegangen ist\u00a0<a href=\"https:\/\/bloomboost.nl\/de\/\">Bloomboost.nl<\/a>\u00a0Das Produkt wird versendet. Die Lieferung des von Ihnen gekauften Produkts erfolgt per POST NL an die von Ihnen angegebene Adresse. Die Lieferung der Ware erfolgt in der Regel p\u00fcnktlich.<a href=\"https:\/\/bloomboost.nl\/de\/\">\u00a0Bloomboost.nl<\/a>\u00a0F\u00fcr eine eventuelle Nachlieferung \u00fcbernehmen wir jedoch keine Haftung. Eilige Sendungen k\u00f6nnen nach Absprache vereinbart werden, eventuell anfallende Mehrkosten werden in Rechnung gestellt.<br \/><strong>3.4.<\/strong> Sollte die betreffende Pflanze nicht mehr verf\u00fcgbar sein, wird Bloomboost.nl Sie umgehend dar\u00fcber informieren, um in Absprache eine geeignete L\u00f6sung zu finden.<br \/><strong>3.5.<\/strong>\u00a0Sichtbare Sch\u00e4den an gelieferten Produkten, die offensichtlich nicht auf eine Behandlung der Anlage durch den Verbraucher zur\u00fcckzuf\u00fchren sind, m\u00fcssen dem Unternehmer unverz\u00fcglich nach Entdeckung innerhalb von 48 Stunden nach Erhalt gemeldet werden.<\/p><p>Reklamationen bez\u00fcglich der Lieferung der Produkte m\u00fcssen dem Unternehmer innerhalb von 48 Stunden gemeldet werden.<br \/>Beanstandungen eines Teils der Lieferung berechtigen den Verbraucher nicht zum R\u00fccktritt vom gesamten Vertrag.<\/p><p><strong>ARTIKEL 4 HAUPTMERKMALE VON B\u00c4UMEN<\/strong><br \/><strong>4.1.<\/strong> Die von Ihnen zu erwerben <span style=\"font-weight: 400;\">Pflanzen<\/span> Wenn es f\u00fcr den Versand verpackt ist, ist es in einem so guten Zustand, wie Sie es in einem Gartencenter kaufen w\u00fcrden.<br \/><strong>4.2.<\/strong> Von <span style=\"font-weight: 400;\">Pflanzen<\/span> wird f\u00fcr den Versand in einer Verpackung verpackt, die speziell f\u00fcr den Versand von Pflanzen\/B\u00e4umen konzipiert ist. Dies wird dazu f\u00fchren, dass <span style=\"font-weight: 400;\">Pflanzen<\/span> w\u00e4hrend des Transports in einem guten bis angemessenen Zustand bleiben. Nach dem Auspacken ist die <span style=\"font-weight: 400;\">Pflanzen<\/span> so schnell wie m\u00f6glich gepflanzt werden. Pflanztipps finden Sie auf der Verpackung und auf der Website www.Bloomboost.nl<br \/><strong>4.3.<\/strong> Bloomboost.nl \u00fcbernimmt keine weitere Haftung in Bezug auf <span style=\"font-weight: 400;\">Pflanzen<\/span> als die Verpflichtungen aus diesen Allgemeinen Gesch\u00e4ftsbedingungen. Die Haftung wird niemals den Preis des Produkts \u00fcbersteigen <span style=\"font-weight: 400;\">Pflanzen<\/span> von Ihnen bezahlt.<br \/><strong>4.4.<\/strong>\u00a0Da Naturprodukte angeboten werden, k\u00f6nnen Farben, Gr\u00f6\u00dfen und Formen von den auf der Website gezeigten Bildern abweichen. Dabei spielen auch saisonale Einfl\u00fcsse eine Rolle. Dies gibt dem Verbraucher kein Recht, seine Bestellung zu stornieren.<\/p><p><strong>ARTIKEL 5 K\u00dcNDIGUNG DES VERTRAGES<\/strong><br \/><strong>5.1.<\/strong> Nachdem Sie diesen Vertrag abgeschlossen haben, k\u00f6nnen Sie diesen Vertrag nicht mehr k\u00fcndigen. Es sei denn, die <span style=\"font-weight: 400;\">Pflanzen<\/span> den Bestimmungen von Artikel 3 dieser Allgemeinen Gesch\u00e4ftsbedingungen nicht entspricht oder nicht geliefert wurde und dies auf minitree.nl oder Post NL zur\u00fcckzuf\u00fchren ist. F\u00fcr eine Stornierung m\u00fcssen Sie Bloomboost.nl kontaktieren. Hierzu m\u00fcssen Sie die entsprechenden Angaben machen <span style=\"font-weight: 400;\">Pflanzen<\/span> \u2013 soweit m\u00f6glich \u2013 sowie eine schriftliche Erkl\u00e4rung \u2013 in der Sie Ihre Beschwerden darlegen \u2013 an Bloomboost.nl. Bloomboost.nl wird sich dann mit Ihnen in Verbindung setzen.<br \/><strong>5.2.<\/strong>\u00a0Das in Artikel 7:46D des niederl\u00e4ndischen B\u00fcrgerlichen Gesetzbuchs beschriebene Widerrufsrecht gilt nicht, da sich der Kaufvertrag auf Produkte bezieht, die schnell altern k\u00f6nnen und eindeutig pers\u00f6nlicher Natur sind.<\/p><p><strong>ARTIKEL 6 DATENSCHUTZ<\/strong><br \/>Seit dem 25. Mai 2018 gilt die Datenschutz-Grundverordnung (DSGVO). Bloomboost.nl h\u00e4lt sich an die Regeln des Datenschutzgesetzes. Bloomboost.nl speichert Ihre E-Mail-Daten zur Vertragsabwicklung und l\u00f6scht sie anschlie\u00dfend. Es sei denn, Sie haben angegeben, dass Sie von uns weitere Informationen zu B\u00e4umen oder \u00e4hnlichen Themen erhalten m\u00f6chten. Wenn Sie das Vorstehende nicht mehr w\u00fcnschen, k\u00f6nnen Sie Bloomboost.nl informieren. Bloomboost.nl l\u00f6scht dann Ihre Daten aus seinen Dateien.<\/p><p><strong>ARTIKEL 7 VERZICHT AUF RECHTE<\/strong><br \/>Bloomboost.nl kann aus Effizienzgr\u00fcnden beschlie\u00dfen, bestimmte Rechte aus diesen Allgemeinen Gesch\u00e4ftsbedingungen nicht auszu\u00fcben. Denn eine solche Entscheidung wird im Einzelfall nur als Abweichung gelten. Bloomboost.nl kann beschlie\u00dfen, seine Rechte aufgrund dieser Allgemeinen Gesch\u00e4ftsbedingungen in einem anderen \u00e4hnlichen Fall auszu\u00fcben.<\/p><p><strong>ARTIKEL 8 ABWEICHUNGEN<\/strong><br \/>Bei Abweichungen von diesen Allgemeinen Gesch\u00e4ftsbedingungen und den berechneten Preisen wenden Sie sich bitte an Bloomboost.nl. Diese Abweichungen sind nur g\u00fcltig, wenn sie schriftlich festgehalten und von Bloomboost.nl unterzeichnet werden<\/p><p><strong>ARTIKEL 9 VERHALTENSREGELN UND ALLGEMEINE GESCH\u00c4FTSBEDINGUNGEN THUISKWINKELEN.NL<\/strong><br \/>Bloomboost.nl bef\u00fcrwortet den Verhaltenskodex f\u00fcr die Home-Shopping-Garantie f\u00fcr Verbraucher. Abweichungen dieser Allgemeinen Gesch\u00e4ftsbedingungen von den Allgemeinen Gesch\u00e4ftsbedingungen von Thuiswinkel werden aufgrund der Art des Produkts als notwendig erachtet.<\/p><p><strong>KUNDENDIENST<\/strong><br \/>F\u00fcr Fragen, Kommentare und Vorschl\u00e4ge senden Sie bitte eine E-Mail an info@bloomboost.nl.<\/p>\t\t\t\t\t\t\t\t<\/div>\n\t\t\t\t<\/div>\n\t\t\t\t\t<\/div>\n\t\t<\/div>\n\t\t\t\t\t<\/div>\n\t\t<\/section>\n\t\t\t\t<\/div>","protected":false},"excerpt":{"rendered":"<p>Bezorging Bestellingen boven de \u20ac75,- bezorgen wij gratis. Onder de \u20ac 75,- rekenen wij \u20ac 4,95 verpakkings- en bezorgkosten voor<\/p>","protected":false},"author":1,"featured_media":0,"parent":0,"menu_order":0,"comment_status":"closed","ping_status":"closed","template":"elementor_header_footer","meta":{"footnotes":""},"class_list":["post-9142","page","type-page","status-publish","hentry"],"_links":{"self":[{"href":"https:\/\/bloomboost.nl\/de\/wp-json\/wp\/v2\/pages\/9142","targetHints":{"allow":["GET"]}}],"collection":[{"href":"https:\/\/bloomboost.nl\/de\/wp-json\/wp\/v2\/pages"}],"about":[{"href":"https:\/\/bloomboost.nl\/de\/wp-json\/wp\/v2\/types\/page"}],"author":[{"embeddable":true,"href":"https:\/\/bloomboost.nl\/de\/wp-json\/wp\/v2\/users\/1"}],"replies":[{"embeddable":true,"href":"https:\/\/bloomboost.nl\/de\/wp-json\/wp\/v2\/comments?post=9142"}],"version-history":[{"count":0,"href":"https:\/\/bloomboost.nl\/de\/wp-json\/wp\/v2\/pages\/9142\/revisions"}],"wp:attachment":[{"href":"https:\/\/bloomboost.nl\/de\/wp-json\/wp\/v2\/media?parent=9142"}],"curies":[{"name":"wp","href":"https:\/\/api.w.org\/{rel}","templated":true}]}}