{"id":4400,"date":"2021-10-12T15:51:09","date_gmt":"2021-10-12T15:51:09","guid":{"rendered":"http:\/\/dummy.xtemos.com\/woodmart2\/elementor\/?page_id=4400"},"modified":"2024-04-04T13:59:14","modified_gmt":"2024-04-04T11:59:14","slug":"over-ons","status":"publish","type":"page","link":"https:\/\/bloomboost.nl\/de\/over-ons\/","title":{"rendered":"\u00dcber Bloomboost"},"content":{"rendered":"<div data-elementor-type=\"wp-page\" data-elementor-id=\"4400\" class=\"elementor elementor-4400\" data-elementor-post-type=\"page\">\n\t\t\t\t\t\t<section class=\"elementor-section elementor-top-section elementor-element elementor-element-3cb2e77 elementor-section-boxed elementor-section-height-default elementor-section-height-default\" data-id=\"3cb2e77\" data-element_type=\"section\" data-e-type=\"section\">\n\t\t\t\t\t\t<div class=\"elementor-container elementor-column-gap-default\">\n\t\t\t\t\t\t<\/div>\n\t\t<\/section>\n\t\t\t\t<section class=\"elementor-section elementor-top-section elementor-element elementor-element-9f3c661 elementor-section-boxed elementor-section-height-default elementor-section-height-default\" data-id=\"9f3c661\" data-element_type=\"section\" data-e-type=\"section\">\n\t\t\t\t\t\t<div class=\"elementor-container elementor-column-gap-default\">\n\t\t\t\t\t\t<\/div>\n\t\t<\/section>\n\t\t\t\t<section class=\"elementor-section elementor-top-section elementor-element elementor-element-2bf1fae elementor-section-boxed elementor-section-height-default elementor-section-height-default\" data-id=\"2bf1fae\" data-element_type=\"section\" data-e-type=\"section\">\n\t\t\t\t\t\t<div class=\"elementor-container elementor-column-gap-default\">\n\t\t\t\t\t\t<\/div>\n\t\t<\/section>\n\t\t\t\t<section class=\"elementor-section elementor-top-section elementor-element elementor-element-4f1e27d elementor-section-boxed elementor-section-height-default elementor-section-height-default\" data-id=\"4f1e27d\" data-element_type=\"section\" data-e-type=\"section\">\n\t\t\t\t\t\t<div class=\"elementor-container elementor-column-gap-default\">\n\t\t\t\t\t\t<\/div>\n\t\t<\/section>\n\t\t\t\t<section class=\"elementor-section elementor-top-section elementor-element elementor-element-10b0758 elementor-section-boxed elementor-section-height-default elementor-section-height-default\" data-id=\"10b0758\" data-element_type=\"section\" data-e-type=\"section\">\n\t\t\t\t\t\t<div class=\"elementor-container elementor-column-gap-default\">\n\t\t\t\t\t\t<\/div>\n\t\t<\/section>\n\t\t\t\t<section class=\"elementor-section elementor-top-section elementor-element elementor-element-a01de44 elementor-section-full_width elementor-section-height-default elementor-section-height-default\" data-id=\"a01de44\" data-element_type=\"section\" data-e-type=\"section\">\n\t\t\t\t\t\t<div class=\"elementor-container elementor-column-gap-default\">\n\t\t\t\t\t<div class=\"elementor-column elementor-col-50 elementor-top-column elementor-element elementor-element-33d1d08\" data-id=\"33d1d08\" data-element_type=\"column\" data-e-type=\"column\">\n\t\t\t<div class=\"elementor-widget-wrap elementor-element-populated\">\n\t\t\t\t\t\t<div class=\"elementor-element elementor-element-28b351d elementor-widget elementor-widget-image\" data-id=\"28b351d\" data-element_type=\"widget\" data-e-type=\"widget\" data-widget_type=\"image.default\">\n\t\t\t\t<div class=\"elementor-widget-container\">\n\t\t\t\t\t\t\t\t\t\t\t\t\t\t\t<img fetchpriority=\"high\" decoding=\"async\" width=\"1200\" height=\"1764\" src=\"https:\/\/bloomboost.nl\/wp-content\/uploads\/2024\/03\/image-5.png\" class=\"attachment-full size-full wp-image-16098\" alt=\"\" srcset=\"https:\/\/bloomboost.nl\/wp-content\/uploads\/2024\/03\/image-5.png 1200w, https:\/\/bloomboost.nl\/wp-content\/uploads\/2024\/03\/image-5-430x632.png 430w, https:\/\/bloomboost.nl\/wp-content\/uploads\/2024\/03\/image-5-150x221.png 150w, https:\/\/bloomboost.nl\/wp-content\/uploads\/2024\/03\/image-5-700x1029.png 700w, https:\/\/bloomboost.nl\/wp-content\/uploads\/2024\/03\/image-5-204x300.png 204w, https:\/\/bloomboost.nl\/wp-content\/uploads\/2024\/03\/image-5-544x800.png 544w, https:\/\/bloomboost.nl\/wp-content\/uploads\/2024\/03\/image-5-768x1129.png 768w, https:\/\/bloomboost.nl\/wp-content\/uploads\/2024\/03\/image-5-1045x1536.png 1045w, https:\/\/bloomboost.nl\/wp-content\/uploads\/2024\/03\/image-5-8x12.png 8w\" sizes=\"(max-width: 1200px) 100vw, 1200px\" title=\"\">\t\t\t\t\t\t\t\t\t\t\t\t\t\t\t<\/div>\n\t\t\t\t<\/div>\n\t\t\t\t\t<\/div>\n\t\t<\/div>\n\t\t\t\t<div class=\"elementor-column elementor-col-50 elementor-top-column elementor-element elementor-element-1e13430\" data-id=\"1e13430\" data-element_type=\"column\" data-e-type=\"column\">\n\t\t\t<div class=\"elementor-widget-wrap elementor-element-populated\">\n\t\t\t\t\t\t<div class=\"elementor-element elementor-element-e6deb6b elementor-widget__width-initial elementor-widget elementor-widget-heading\" data-id=\"e6deb6b\" data-element_type=\"widget\" data-e-type=\"widget\" data-widget_type=\"heading.default\">\n\t\t\t\t<div class=\"elementor-widget-container\">\n\t\t\t\t\t<h2 class=\"elementor-heading-title elementor-size-default\">\u00dcber Bloomboost.nl <\/h2>\t\t\t\t<\/div>\n\t\t\t\t<\/div>\n\t\t\t\t<div class=\"elementor-element elementor-element-131e01d elementor-widget__width-initial color-scheme-inherit text-left elementor-widget elementor-widget-text-editor\" data-id=\"131e01d\" data-element_type=\"widget\" data-e-type=\"widget\" data-widget_type=\"text-editor.default\">\n\t\t\t\t<div class=\"elementor-widget-container\">\n\t\t\t\t\t\t\t\t\t<p>Die beiden Personen hinter Bloomboost.nl sind Sander de Jong und Menno Straver.<\/p>\n<p><\/p>\n<p><span style=\"letter-spacing: 0px;\">Sander ist ein Z\u00fcchter in der 4. Generation und Inhaber der G\u00e4rtnerei Color Your Garden in Boskoop.&nbsp;<\/span><span style=\"letter-spacing: 0px;\">Alle unsere Pflanzen stammen direkt aus der G\u00e4rtnerei Color Your Garden in Boskoop.<\/span><\/p>\n<p>Menno verf\u00fcgt \u00fcber jahrelange Erfahrung im Einkauf von Atmosph\u00e4ren- und Einrichtungsgegenst\u00e4nden und verf\u00fcgt \u00fcber einen logistischen Hintergrund.<\/p>\n<p>Sander und Menno arbeiten \u00fcber Bloomboost.nl zusammen an der Mission, so viele G\u00e4rten wie m\u00f6glich in ein Blumenmeer zu verwandeln.<\/p><p>Die G\u00e4rtnerei \u201eColor Your Garden\u201c besch\u00e4ftigt eine Reihe festangestellter Mitarbeiter und ist jeden Tag damit besch\u00e4ftigt, eine Mischung aus Stauden anzubauen und an Gartencenter, Einzelhandelsketten und Exporteure im In- und Ausland zu liefern.&nbsp;<span style=\"letter-spacing: 0px;\">Zus\u00e4tzlich zur Lieferung an diese Kunden bieten wir Ihnen jetzt die M\u00f6glichkeit, diese wundersch\u00f6nen Pflanzen frisch und direkt aus der G\u00e4rtnerei online zu bestellen.<\/span><\/p><p>Und unsere Pflanzen, insbesondere unser Mini-Mix-Sortiment, eignen sich auch hervorragend als Geschenk f\u00fcr Ihre Verwandten oder Mitarbeiter.&nbsp;<\/p><p>Ein einzigartiges Geschenk, an dem man monatelang Freude haben kann.<br>Und unser Mini-Mix-Sortiment wird als Briefkastenpaket verschickt und ist somit schnell, sicher und vor allem einfach zustellbar!<\/p><p>Besuchen Sie also schnell unseren Shop und wenn Sie Fragen haben, stehen Ihnen Sander und Menno gerne zur Verf\u00fcgung!<\/p>\n<p><\/p>\t\t\t\t\t\t\t\t<\/div>\n\t\t\t\t<\/div>\n\t\t\t\t\t<\/div>\n\t\t<\/div>\n\t\t\t\t\t<\/div>\n\t\t<\/section>\n\t\t\t\t<section class=\"elementor-section elementor-top-section elementor-element elementor-element-09b22c3 elementor-section-boxed elementor-section-height-default elementor-section-height-default\" data-id=\"09b22c3\" data-element_type=\"section\" data-e-type=\"section\">\n\t\t\t\t\t\t<div class=\"elementor-container elementor-column-gap-default\">\n\t\t\t\t\t<div class=\"elementor-column elementor-col-100 elementor-top-column elementor-element elementor-element-c3f6d7f\" data-id=\"c3f6d7f\" data-element_type=\"column\" data-e-type=\"column\">\n\t\t\t<div class=\"elementor-widget-wrap elementor-element-populated\">\n\t\t\t\t\t\t<div class=\"elementor-element elementor-element-d608e73 elementor-widget elementor-widget-image\" data-id=\"d608e73\" data-element_type=\"widget\" data-e-type=\"widget\" data-widget_type=\"image.default\">\n\t\t\t\t<div class=\"elementor-widget-container\">\n\t\t\t\t\t\t\t\t\t\t\t\t\t\t\t<img decoding=\"async\" width=\"896\" height=\"900\" src=\"https:\/\/bloomboost.nl\/wp-content\/uploads\/2024\/03\/IMG_5812.png\" class=\"attachment-full size-full wp-image-16499\" alt=\"\" srcset=\"https:\/\/bloomboost.nl\/wp-content\/uploads\/2024\/03\/IMG_5812.png 896w, https:\/\/bloomboost.nl\/wp-content\/uploads\/2024\/03\/IMG_5812-299x300.png 299w, https:\/\/bloomboost.nl\/wp-content\/uploads\/2024\/03\/IMG_5812-796x800.png 796w, https:\/\/bloomboost.nl\/wp-content\/uploads\/2024\/03\/IMG_5812-150x151.png 150w, https:\/\/bloomboost.nl\/wp-content\/uploads\/2024\/03\/IMG_5812-768x771.png 768w, https:\/\/bloomboost.nl\/wp-content\/uploads\/2024\/03\/IMG_5812-12x12.png 12w, https:\/\/bloomboost.nl\/wp-content\/uploads\/2024\/03\/IMG_5812-860x864.png 860w, https:\/\/bloomboost.nl\/wp-content\/uploads\/2024\/03\/IMG_5812-430x432.png 430w, https:\/\/bloomboost.nl\/wp-content\/uploads\/2024\/03\/IMG_5812-700x703.png 700w\" sizes=\"(max-width: 896px) 100vw, 896px\" title=\"\">\t\t\t\t\t\t\t\t\t\t\t\t\t\t\t<\/div>\n\t\t\t\t<\/div>\n\t\t\t\t\t<\/div>\n\t\t<\/div>\n\t\t\t\t\t<\/div>\n\t\t<\/section>\n\t\t\t\t<\/div>","protected":false},"excerpt":{"rendered":"<p>Over Bloomboost.nl De 2 mensen achter Bloomboost.nl zijn Sander de Jong en Menno Straver. Sander is 4e generatie kweker en<\/p>","protected":false},"author":1,"featured_media":0,"parent":0,"menu_order":0,"comment_status":"closed","ping_status":"closed","template":"","meta":{"footnotes":""},"class_list":["post-4400","page","type-page","status-publish","hentry"],"_links":{"self":[{"href":"https:\/\/bloomboost.nl\/de\/wp-json\/wp\/v2\/pages\/4400","targetHints":{"allow":["GET"]}}],"collection":[{"href":"https:\/\/bloomboost.nl\/de\/wp-json\/wp\/v2\/pages"}],"about":[{"href":"https:\/\/bloomboost.nl\/de\/wp-json\/wp\/v2\/types\/page"}],"author":[{"embeddable":true,"href":"https:\/\/bloomboost.nl\/de\/wp-json\/wp\/v2\/users\/1"}],"replies":[{"embeddable":true,"href":"https:\/\/bloomboost.nl\/de\/wp-json\/wp\/v2\/comments?post=4400"}],"version-history":[{"count":0,"href":"https:\/\/bloomboost.nl\/de\/wp-json\/wp\/v2\/pages\/4400\/revisions"}],"wp:attachment":[{"href":"https:\/\/bloomboost.nl\/de\/wp-json\/wp\/v2\/media?parent=4400"}],"curies":[{"name":"wp","href":"https:\/\/api.w.org\/{rel}","templated":true}]}}