{"id":10809,"date":"2023-07-24T09:30:33","date_gmt":"2023-07-24T09:30:33","guid":{"rendered":"https:\/\/bloomboost.nl\/?page_id=10809"},"modified":"2024-04-23T08:57:24","modified_gmt":"2024-04-23T06:57:24","slug":"relatiegeschenken","status":"publish","type":"page","link":"https:\/\/bloomboost.nl\/de\/relatiegeschenken\/","title":{"rendered":"Gesch\u00e4ftsgeschenke"},"content":{"rendered":"<div data-elementor-type=\"wp-page\" data-elementor-id=\"10809\" class=\"elementor elementor-10809\" data-elementor-post-type=\"page\">\n\t\t\t\t\t\t<section class=\"elementor-section elementor-top-section elementor-element elementor-element-3d2c5a9 elementor-reverse-mobile elementor-section-boxed elementor-section-height-default elementor-section-height-default\" data-id=\"3d2c5a9\" data-element_type=\"section\" data-e-type=\"section\">\n\t\t\t\t\t\t<div class=\"elementor-container elementor-column-gap-default\">\n\t\t\t\t\t<div class=\"elementor-column elementor-col-50 elementor-top-column elementor-element elementor-element-82cc3c3\" data-id=\"82cc3c3\" data-element_type=\"column\" data-e-type=\"column\">\n\t\t\t<div class=\"elementor-widget-wrap elementor-element-populated\">\n\t\t\t\t\t\t<div class=\"elementor-element elementor-element-d544fd3 elementor-widget elementor-widget-heading\" data-id=\"d544fd3\" data-element_type=\"widget\" data-e-type=\"widget\" data-widget_type=\"heading.default\">\n\t\t\t\t<div class=\"elementor-widget-container\">\n\t\t\t\t\t<h2 class=\"elementor-heading-title elementor-size-default\">Gesch\u00e4ftsgeschenke<\/h2>\t\t\t\t<\/div>\n\t\t\t\t<\/div>\n\t\t\t\t<div class=\"elementor-element elementor-element-a2fdc53 color-scheme-inherit text-left elementor-widget elementor-widget-text-editor\" data-id=\"a2fdc53\" data-element_type=\"widget\" data-e-type=\"widget\" data-widget_type=\"text-editor.default\">\n\t\t\t\t<div class=\"elementor-widget-container\">\n\t\t\t\t\t\t\t\t\t<p>Pflanzen als Werbegeschenk f\u00fcr den Garten zu spenden ist eine tolle Idee, die bei Kunden und Mitarbeitern einen bleibenden Eindruck hinterl\u00e4sst. Gartenpflanzen sind nicht nur sch\u00f6ne dekorative Erg\u00e4nzungen, sondern bringen auch zahlreiche Vorteile mit sich. Das Spenden von Gartenpflanzen zeigt Sorgfalt und Aufmerksamkeit f\u00fcr das Wohlergehen der Empf\u00e4nger und ihres Lebensumfelds.<\/p><p>Auch hier ist Bloomboost f\u00fcr Sie da. Besonders unsere kleinen Sets eignen sich ideal f\u00fcr den Versand an Ihre Kunden oder Mitarbeiter. Unsere Verpackung wurde speziell f\u00fcr den Versand als Briefkastenpaket entwickelt, sodass Ihr Kunde oder Mitarbeiter nicht zu Hause sein muss, um das Paket entgegenzunehmen. Statt eines Blumenstrau\u00dfes, der nur f\u00fcr eine begrenzte Zeit h\u00e4lt, sorgt Bloomboost f\u00fcr monatelanges Blumenvergn\u00fcgen und passt in jeden Garten oder Balkon. Ein perfektes Geschenk zum Muttertag, zum Sekret\u00e4rstag, als Dankesch\u00f6n oder Willkommensgeschenk. Bloomboost ist das perfekte Werbegeschenk, um zu kommunizieren, wie gr\u00fcn und artenreich Ihr Unternehmen ist, und hinterl\u00e4sst bei jedem Empf\u00e4nger einen positiven Eindruck.<\/p><p>W\u00fcnschen Sie weitere Informationen? Bitte kontaktieren Sie uns!<\/p>\t\t\t\t\t\t\t\t<\/div>\n\t\t\t\t<\/div>\n\t\t\t\t<div class=\"elementor-element elementor-element-22b8547 elementor-widget elementor-widget-heading\" data-id=\"22b8547\" data-element_type=\"widget\" data-e-type=\"widget\" data-widget_type=\"heading.default\">\n\t\t\t\t<div class=\"elementor-widget-container\">\n\t\t\t\t\t<h2 class=\"elementor-heading-title elementor-size-default\"><a href=\"https:\/\/bloomboost.nl\/wp-content\/uploads\/2024\/03\/A5flyer-design-Final-without-crop-mark.pdf\" target=\"_blank\">Open hier de flyer van ons Bloomboost bloemen relatie geschenk<\/a><\/h2>\t\t\t\t<\/div>\n\t\t\t\t<\/div>\n\t\t\t\t<div class=\"elementor-element elementor-element-5ea8a8d elementor-widget elementor-widget-heading\" data-id=\"5ea8a8d\" data-element_type=\"widget\" data-e-type=\"widget\" data-widget_type=\"heading.default\">\n\t\t\t\t<div class=\"elementor-widget-container\">\n\t\t\t\t\t<h2 class=\"elementor-heading-title elementor-size-default\"><a href=\"https:\/\/bloomboost.nl\/wp-content\/uploads\/2024\/03\/Flyer-design-Mint-Final.pdf\" target=\"_blank\">Open hier de flyer van ons munt plantjes relatie geschenk<\/a><\/h2>\t\t\t\t<\/div>\n\t\t\t\t<\/div>\n\t\t\t\t<div class=\"elementor-element elementor-element-6415682 elementor-widget elementor-widget-heading\" data-id=\"6415682\" data-element_type=\"widget\" data-e-type=\"widget\" data-widget_type=\"heading.default\">\n\t\t\t\t<div class=\"elementor-widget-container\">\n\t\t\t\t\t<h2 class=\"elementor-heading-title elementor-size-default\"><a href=\"https:\/\/bloomboost.nl\/wp-content\/uploads\/2024\/03\/Flyer-design-herbs-Final.pdf\" target=\"_blank\">Open hier de flyer van ons gemengde kruiden relatie geschenk<\/a><\/h2>\t\t\t\t<\/div>\n\t\t\t\t<\/div>\n\t\t\t\t<div class=\"elementor-element elementor-element-540479b elementor-widget elementor-widget-heading\" data-id=\"540479b\" data-element_type=\"widget\" data-e-type=\"widget\" data-widget_type=\"heading.default\">\n\t\t\t\t<div class=\"elementor-widget-container\">\n\t\t\t\t\t<h2 class=\"elementor-heading-title elementor-size-default\"><a href=\"https:\/\/bloomboost.nl\/wp-content\/uploads\/2024\/03\/Flyer-design-final.pdf\" target=\"_blank\">Open hier de flyer van on aardbeien plantjes relatie geschenk<\/a><\/h2>\t\t\t\t<\/div>\n\t\t\t\t<\/div>\n\t\t\t\t\t<\/div>\n\t\t<\/div>\n\t\t\t\t<div class=\"elementor-column elementor-col-50 elementor-top-column elementor-element elementor-element-d7611fb\" data-id=\"d7611fb\" data-element_type=\"column\" data-e-type=\"column\">\n\t\t\t<div class=\"elementor-widget-wrap elementor-element-populated\">\n\t\t\t\t\t\t<div class=\"elementor-element elementor-element-fb8be9d elementor-widget elementor-widget-image\" data-id=\"fb8be9d\" data-element_type=\"widget\" data-e-type=\"widget\" data-widget_type=\"image.default\">\n\t\t\t\t<div class=\"elementor-widget-container\">\n\t\t\t\t\t\t\t\t\t\t\t\t\t\t\t\t<a href=\"https:\/\/bloomboost.nl\/wp-content\/uploads\/2023\/08\/A5flyer-design-Final-Edit-01-Back-without-cropmark-pdf-1.jpg\" data-elementor-open-lightbox=\"yes\" data-elementor-lightbox-title=\"Flyer bloomboost instructies planten\" data-elementor-lightbox-description=\"Flyer bloomboost instructies planten\" data-e-action-hash=\"#elementor-action%3Aaction%3Dlightbox%26settings%3DeyJpZCI6MTA4OTQsInVybCI6Imh0dHBzOlwvXC9ibG9vbWJvb3N0Lm5sXC93cC1jb250ZW50XC91cGxvYWRzXC8yMDIzXC8wOFwvQTVmbHllci1kZXNpZ24tRmluYWwtRWRpdC0wMS1CYWNrLXdpdGhvdXQtY3JvcG1hcmstcGRmLTEuanBnIn0%3D\">\n\t\t\t\t\t\t\t<img fetchpriority=\"high\" decoding=\"async\" width=\"842\" height=\"1191\" src=\"https:\/\/bloomboost.nl\/wp-content\/uploads\/2023\/08\/A5flyer-design-Final-Edit-01-Back-without-cropmark-pdf-1.jpg\" class=\"attachment-full size-full wp-image-10894\" alt=\"Flyer bloomboost instructies planten\" srcset=\"https:\/\/bloomboost.nl\/wp-content\/uploads\/2023\/08\/A5flyer-design-Final-Edit-01-Back-without-cropmark-pdf-1.jpg 842w, https:\/\/bloomboost.nl\/wp-content\/uploads\/2023\/08\/A5flyer-design-Final-Edit-01-Back-without-cropmark-pdf-1-430x608.jpg 430w, https:\/\/bloomboost.nl\/wp-content\/uploads\/2023\/08\/A5flyer-design-Final-Edit-01-Back-without-cropmark-pdf-1-150x212.jpg 150w, https:\/\/bloomboost.nl\/wp-content\/uploads\/2023\/08\/A5flyer-design-Final-Edit-01-Back-without-cropmark-pdf-1-700x990.jpg 700w, https:\/\/bloomboost.nl\/wp-content\/uploads\/2023\/08\/A5flyer-design-Final-Edit-01-Back-without-cropmark-pdf-1-212x300.jpg 212w, https:\/\/bloomboost.nl\/wp-content\/uploads\/2023\/08\/A5flyer-design-Final-Edit-01-Back-without-cropmark-pdf-1-566x800.jpg 566w, https:\/\/bloomboost.nl\/wp-content\/uploads\/2023\/08\/A5flyer-design-Final-Edit-01-Back-without-cropmark-pdf-1-768x1086.jpg 768w, https:\/\/bloomboost.nl\/wp-content\/uploads\/2023\/08\/A5flyer-design-Final-Edit-01-Back-without-cropmark-pdf-1-8x12.jpg 8w\" sizes=\"(max-width: 842px) 100vw, 842px\" title=\"\">\t\t\t\t\t\t\t\t<\/a>\n\t\t\t\t\t\t\t\t\t\t\t\t\t\t\t<\/div>\n\t\t\t\t<\/div>\n\t\t\t\t\t<\/div>\n\t\t<\/div>\n\t\t\t\t\t<\/div>\n\t\t<\/section>\n\t\t\t\t<section class=\"elementor-section elementor-top-section elementor-element elementor-element-90ff6a3 elementor-section-boxed elementor-section-height-default elementor-section-height-default\" data-id=\"90ff6a3\" data-element_type=\"section\" data-e-type=\"section\">\n\t\t\t\t\t\t<div class=\"elementor-container elementor-column-gap-default\">\n\t\t\t\t\t<div class=\"elementor-column elementor-col-100 elementor-top-column elementor-element elementor-element-5e33954\" data-id=\"5e33954\" data-element_type=\"column\" data-e-type=\"column\">\n\t\t\t<div class=\"elementor-widget-wrap elementor-element-populated\">\n\t\t\t\t\t\t<div class=\"elementor-element elementor-element-819d404 wd-width-100 elementor-widget elementor-widget-wd_images_gallery\" data-id=\"819d404\" data-element_type=\"widget\" data-e-type=\"widget\" data-widget_type=\"wd_images_gallery.default\">\n\t\t\t\t<div class=\"elementor-widget-container\">\n\t\t\t\t\t\t\t<div class=\"wd-images-gallery photoswipe-images\" style=\"--wd-align-items:center; --wd-justify-content:center;\">\n\t\t\t\t\t\t<div class=\"wd-masonry wd-grid-f-col\" style=\"--wd-col-lg:4;--wd-col-md:4;--wd-col-sm:1;--wd-gap-lg:10px;\" >\n\t\t\t\t\t\t\t\t\t\t\t\t\t\t\t\t\t\t<div class=\"wd-gallery-item wd-col\">\n\t\t\t\t\t\t\t\t\t\t\t\t\t<a  href=\"https:\/\/bloomboost.nl\/wp-content\/uploads\/2024\/03\/mini-mix-verpakking-821x800-1.jpg\"data-width=\"821\" data-height=\"800\" data-index=\"1\" data-elementor-open-lightbox=\"no\">\n\t\t\t\t\t\t\n\t\t\t\t\t\t<img decoding=\"async\" src=\"https:\/\/bloomboost.nl\/wp-content\/uploads\/2024\/03\/mini-mix-verpakking-821x800-1.jpg\" alt=\"mini-mix-verpakking--821x800\" title=\"\">\n\t\t\t\t\t\t\t\t\t\t\t\t\t<\/a>\n\t\t\t\t\t\t\t\t\t\t\t<\/div>\n\t\t\t\t\t\t\t\t\t\t\t\t\t\t\t<div class=\"wd-gallery-item wd-col\">\n\t\t\t\t\t\t\t\t\t\t\t\t\t<a  href=\"https:\/\/bloomboost.nl\/wp-content\/uploads\/2024\/03\/pluggen-in-blister-1-1-670x800-1.webp\"data-width=\"670\" data-height=\"800\" data-index=\"2\" data-elementor-open-lightbox=\"no\">\n\t\t\t\t\t\t\n\t\t\t\t\t\t<img decoding=\"async\" src=\"https:\/\/bloomboost.nl\/wp-content\/uploads\/2024\/03\/pluggen-in-blister-1-1-670x800-1.webp\" alt=\"Eetbare bloemen, bloementuin, pluktuin, lekker eten, bloomboost\" title=\"\">\n\t\t\t\t\t\t\t\t\t\t\t\t\t<\/a>\n\t\t\t\t\t\t\t\t\t\t\t<\/div>\n\t\t\t\t\t\t\t\t\t\t\t\t\t\t\t<div class=\"wd-gallery-item wd-col\">\n\t\t\t\t\t\t\t\t\t\t\t\t\t<a  href=\"https:\/\/bloomboost.nl\/wp-content\/uploads\/2024\/03\/pluggen-in-blister-2-1-475x800-1.webp\"data-width=\"475\" data-height=\"800\" data-index=\"3\" data-elementor-open-lightbox=\"no\">\n\t\t\t\t\t\t\n\t\t\t\t\t\t<img decoding=\"async\" src=\"https:\/\/bloomboost.nl\/wp-content\/uploads\/2024\/03\/pluggen-in-blister-2-1-475x800-1.webp\" alt=\"pluggen-in-blister-2-1-475x800\" title=\"\">\n\t\t\t\t\t\t\t\t\t\t\t\t\t<\/a>\n\t\t\t\t\t\t\t\t\t\t\t<\/div>\n\t\t\t\t\t\t\t\t\t\t\t\t\t\t\t<div class=\"wd-gallery-item wd-col\">\n\t\t\t\t\t\t\t\t\t\t\t\t\t<a  href=\"https:\/\/bloomboost.nl\/wp-content\/uploads\/2024\/03\/image-2-1.png\"data-width=\"1200\" data-height=\"900\" data-index=\"4\" data-elementor-open-lightbox=\"no\">\n\t\t\t\t\t\t\n\t\t\t\t\t\t<img decoding=\"async\" src=\"https:\/\/bloomboost.nl\/wp-content\/uploads\/2024\/03\/image-2-1.png\" alt=\"image (2)\" title=\"\">\n\t\t\t\t\t\t\t\t\t\t\t\t\t<\/a>\n\t\t\t\t\t\t\t\t\t\t\t<\/div>\n\t\t\t\t\t\t\t\t\t\t\t\t\t\t\t<div class=\"wd-gallery-item wd-col\">\n\t\t\t\t\t\t\t\t\t\t\t\t\t<a  href=\"https:\/\/bloomboost.nl\/wp-content\/uploads\/2024\/03\/image-1-1.png\"data-width=\"1200\" data-height=\"900\" data-index=\"5\" data-elementor-open-lightbox=\"no\">\n\t\t\t\t\t\t\n\t\t\t\t\t\t<img decoding=\"async\" src=\"https:\/\/bloomboost.nl\/wp-content\/uploads\/2024\/03\/image-1-1.png\" alt=\"image (1)\" title=\"\">\n\t\t\t\t\t\t\t\t\t\t\t\t\t<\/a>\n\t\t\t\t\t\t\t\t\t\t\t<\/div>\n\t\t\t\t\t\t\t\t\t\t\t\t\t<\/div>\n\t\t\t\t\t<\/div>\n\t\t\t\t\t\t<\/div>\n\t\t\t\t<\/div>\n\t\t\t\t\t<\/div>\n\t\t<\/div>\n\t\t\t\t\t<\/div>\n\t\t<\/section>\n\t\t\t\t<\/div>","protected":false},"excerpt":{"rendered":"<p>Relatiegeschenken Het schenken van planten voor in de tuin als relatiegeschenk is een geweldig idee dat een blijvende indruk zal<\/p>","protected":false},"author":1,"featured_media":0,"parent":0,"menu_order":0,"comment_status":"closed","ping_status":"closed","template":"elementor_header_footer","meta":{"footnotes":""},"class_list":["post-10809","page","type-page","status-publish","hentry"],"_links":{"self":[{"href":"https:\/\/bloomboost.nl\/de\/wp-json\/wp\/v2\/pages\/10809","targetHints":{"allow":["GET"]}}],"collection":[{"href":"https:\/\/bloomboost.nl\/de\/wp-json\/wp\/v2\/pages"}],"about":[{"href":"https:\/\/bloomboost.nl\/de\/wp-json\/wp\/v2\/types\/page"}],"author":[{"embeddable":true,"href":"https:\/\/bloomboost.nl\/de\/wp-json\/wp\/v2\/users\/1"}],"replies":[{"embeddable":true,"href":"https:\/\/bloomboost.nl\/de\/wp-json\/wp\/v2\/comments?post=10809"}],"version-history":[{"count":0,"href":"https:\/\/bloomboost.nl\/de\/wp-json\/wp\/v2\/pages\/10809\/revisions"}],"wp:attachment":[{"href":"https:\/\/bloomboost.nl\/de\/wp-json\/wp\/v2\/media?parent=10809"}],"curies":[{"name":"wp","href":"https:\/\/api.w.org\/{rel}","templated":true}]}}